{"id":146297,"date":"2022-10-14T10:18:14","date_gmt":"2022-10-14T09:18:14","guid":{"rendered":"https:\/\/www.allencarr.com\/who-allen-carr-turkish-login-ovp\/"},"modified":"2024-11-12T10:56:14","modified_gmt":"2024-11-12T10:56:14","slug":"who-allen-carr-turkish-login-ovp","status":"publish","type":"page","link":"https:\/\/www.allencarr.com\/en-us\/corporate-employee-wellbeing\/who-allen-carrs-easyway-homepage\/who-allen-carr-turkish-login-ovp\/","title":{"rendered":"WHO Allen Carr Turkish login OVP"},"content":{"rendered":"<section class=\"formatted-text  formatted-text--background\">\n\t<div class=\"container container--large\">\n\t\t<h1 style=\"text-align: left;\">Sigaray\u0131 B\u0131rakma \u00c7evrimi\u00e7i Video Program\u0131<\/h1>\n<p style=\"text-align: left;\">Allen Carr&#8217;\u0131n Easyway&#8217;i, D\u00fcnya Sa\u011fl\u0131k \u00d6rg\u00fct\u00fc&#8217;ne, DS\u00d6&#8217;n\u00fcn 2021 D\u00fcnya T\u00fct\u00fcn \u0130\u00e7ermeme G\u00fcn\u00fc &#8211; &#8220;COVID-19 S\u0131ras\u0131nda \u00c7\u0131kmay\u0131 Taahh\u00fct Edin&#8221; kampanyas\u0131n\u0131n bir ka\u00e7 orta\u011f\u0131ndan biri olarak yard\u0131m ediyor.<\/p>\n<p style=\"text-align: left;\">Bu video program\u0131, bu kampanyan\u0131n bir par\u00e7as\u0131d\u0131r ve hi\u00e7bir \u015fekilde payla\u015f\u0131lmamal\u0131 veya \u00e7o\u011falt\u0131lmamal\u0131d\u0131r. B\u00f6yle bir eylem D\u00fcnya Sa\u011fl\u0131k \u00d6rg\u00fct\u00fc&#8217;n\u00fcn \u00f6nemli \u00e7al\u0131\u015fmalar\u0131n\u0131 ve Allen Carr\u2019\u0131n Easyway\u2019inin paha bi\u00e7ilmez k\u00fcresel hay\u0131rsever \u00e7abalar\u0131na zarar verecekitr.<\/p>\n<h2 style=\"text-align: left;\">Allen Carr\u2019\u0131n Easyway Telif Hakk\u0131 Beyan\u0131<\/h2>\n<p style=\"text-align: left;\">Copyright (c) 2016<\/p>\n<p style=\"text-align: left;\">Bu video, Allen Carr\u2019\u0131n Easyway (Intl) Ltd (ACEI) \u015firketinin telif hakk\u0131na tabidir. ACEI \u00f6nceden yaz\u0131l\u0131 onay\u0131n\u0131 a\u00e7\u0131k\u00e7a vermedik\u00e7e, bu videonun tamam\u0131n\u0131n veya bir k\u0131sm\u0131n\u0131n \u00e7o\u011falt\u0131lmas\u0131 veya yeniden yay\u0131nlanmas\u0131 a\u00e7\u0131k\u00e7a yasakt\u0131r. Di\u011fer t\u00fcm haklar\u0131 sakl\u0131d\u0131r.<\/p>\n<p style=\"text-align: left;\">Bu videodaki ACEI&#8217;nin adlar\u0131, ticari markalar\u0131, hizmet markalar\u0131 ve logolar\u0131, ACEI&#8217;nin \u00f6nceden a\u00e7\u0131k yaz\u0131l\u0131 izni olmaks\u0131z\u0131n herhangi bir reklamda veya tan\u0131t\u0131mda veya ba\u015fka bir \u015fekilde herhangi bir \u00fcr\u00fcn veya hizmetle sponsorlu\u011fu veya ba\u011fl\u0131l\u0131\u011f\u0131 belirtmek i\u00e7in kullan\u0131lamaz.<\/p>\n<h2 style=\"text-align: left;\">Detaylar\u0131n\u0131z<\/h2>\n<p style=\"text-align: left;\"><span style=\"font-weight: 400;\"><\/span><\/p>\n\n\n\t\t\t<\/div>\n<\/section>\n\n\n<section class=\"formatted-text  formatted-text--background\">\n\t<div class=\"container container--large\">\n\t\t<h2 style=\"text-align: center;\">\u0130ste\u011fe Ba\u011fl\u0131 \u00c7evrimi\u00e7i Video Program\u0131<\/h2>\n<p style=\"text-align: center;\">\u00c7evrimi\u00e7i video program\u0131, binlerce ki\u015fiye ki\u015fisel olarak yard\u0131mc\u0131 olan en deneyimli terapistlerimizden biri taraf\u0131ndan sunulmaktad\u0131r<\/p>\n<p style=\"text-align: center;\">Video program\u0131 tek bir oturu\u015fta izlenmek \u00fczere tasarland\u0131, t\u00fcm b\u00f6l\u00fcmler boyunca aralar olacak, ancak izlemeye ba\u015flad\u0131\u011f\u0131n\u0131zda 15 g\u00fcn boyunca t\u00fcm b\u00f6l\u00fcmlere s\u0131n\u0131rs\u0131z eri\u015fime sahip olacaks\u0131n\u0131z.<\/p>\n<p style=\"text-align: center;\">Canl\u0131 \u00e7evrimi\u00e7i seminerlerimizin aksine, bir Allen Carr Easyway terapistiyle do\u011frudan konu\u015famayacaks\u0131n\u0131z.<\/p>\n<p style=\"text-align: center;\">\u2022 \u0130ste\u011fe ba\u011fl\u0131 video<\/p>\n<p style=\"text-align: center;\">\u2022 3-4 saat s\u00fcre<\/p>\n<p style=\"text-align: center;\">\u2022 15 g\u00fcnl\u00fck eri\u015fim<\/p>\n\n\n\t\t\t<\/div>\n<\/section>\n","protected":false},"excerpt":{"rendered":"","protected":false},"author":9,"featured_media":0,"parent":146392,"menu_order":0,"comment_status":"closed","ping_status":"closed","template":"","meta":{"_acf_changed":false,"inline_featured_image":false,"footnotes":""},"class_list":["post-146297","page","type-page","status-publish","hentry"],"acf":[],"yoast_head":"<!-- This site is optimized with the Yoast SEO plugin v27.3 - https:\/\/yoast.com\/product\/yoast-seo-wordpress\/ -->\n<title>WHO Allen Carr Turkish login OVP - Allen Carr&#039;s Easyway<\/title>\n<meta name=\"robots\" content=\"index, follow, max-snippet:-1, max-image-preview:large, max-video-preview:-1\" \/>\n<link rel=\"canonical\" href=\"https:\/\/www.allencarr.com\/en-us\/corporate-employee-wellbeing\/who-allen-carrs-easyway-homepage\/who-allen-carr-turkish-login-ovp\/\" \/>\n<meta property=\"og:locale\" content=\"en_US\" \/>\n<meta property=\"og:type\" content=\"article\" \/>\n<meta property=\"og:title\" content=\"WHO Allen Carr Turkish login OVP - Allen Carr&#039;s Easyway\" \/>\n<meta property=\"og:url\" content=\"https:\/\/www.allencarr.com\/en-us\/corporate-employee-wellbeing\/who-allen-carrs-easyway-homepage\/who-allen-carr-turkish-login-ovp\/\" \/>\n<meta property=\"og:site_name\" content=\"Allen Carr&#039;s Easyway\" \/>\n<meta property=\"article:modified_time\" content=\"2024-11-12T10:56:14+00:00\" \/>\n<meta name=\"twitter:card\" content=\"summary_large_image\" \/>\n<meta name=\"twitter:site\" content=\"@allencarr\" \/>\n<script type=\"application\/ld+json\" class=\"yoast-schema-graph\">{\"@context\":\"https:\\\/\\\/schema.org\",\"@graph\":[{\"@type\":\"WebPage\",\"@id\":\"https:\\\/\\\/www.allencarr.com\\\/en-us\\\/corporate-employee-wellbeing\\\/who-allen-carrs-easyway-homepage\\\/who-allen-carr-turkish-login-ovp\\\/\",\"url\":\"https:\\\/\\\/www.allencarr.com\\\/en-us\\\/corporate-employee-wellbeing\\\/who-allen-carrs-easyway-homepage\\\/who-allen-carr-turkish-login-ovp\\\/\",\"name\":\"WHO Allen Carr Turkish login OVP - Allen Carr&#039;s Easyway\",\"isPartOf\":{\"@id\":\"https:\\\/\\\/www.allencarr.com\\\/en-us\\\/#website\"},\"datePublished\":\"2022-10-14T09:18:14+00:00\",\"dateModified\":\"2024-11-12T10:56:14+00:00\",\"breadcrumb\":{\"@id\":\"https:\\\/\\\/www.allencarr.com\\\/en-us\\\/corporate-employee-wellbeing\\\/who-allen-carrs-easyway-homepage\\\/who-allen-carr-turkish-login-ovp\\\/#breadcrumb\"},\"inLanguage\":\"en-US\",\"potentialAction\":[{\"@type\":\"ReadAction\",\"target\":[\"https:\\\/\\\/www.allencarr.com\\\/en-us\\\/corporate-employee-wellbeing\\\/who-allen-carrs-easyway-homepage\\\/who-allen-carr-turkish-login-ovp\\\/\"]}]},{\"@type\":\"BreadcrumbList\",\"@id\":\"https:\\\/\\\/www.allencarr.com\\\/en-us\\\/corporate-employee-wellbeing\\\/who-allen-carrs-easyway-homepage\\\/who-allen-carr-turkish-login-ovp\\\/#breadcrumb\",\"itemListElement\":[{\"@type\":\"ListItem\",\"position\":1,\"name\":\"Home\",\"item\":\"https:\\\/\\\/www.allencarr.com\\\/en-us\\\/\"},{\"@type\":\"ListItem\",\"position\":2,\"name\":\"Wellbeing at work\",\"item\":\"https:\\\/\\\/www.allencarr.com\\\/en-us\\\/corporate-employee-wellbeing\\\/\"},{\"@type\":\"ListItem\",\"position\":3,\"name\":\"WHO Allen Carr&#8217;s Easyway&hellip;\",\"item\":\"https:\\\/\\\/www.allencarr.com\\\/en-us\\\/corporate-employee-wellbeing\\\/who-allen-carrs-easyway-homepage\\\/\"},{\"@type\":\"ListItem\",\"position\":4,\"name\":\"WHO Allen Carr Turkish login O&hellip;\"}]},{\"@type\":\"WebSite\",\"@id\":\"https:\\\/\\\/www.allencarr.com\\\/en-us\\\/#website\",\"url\":\"https:\\\/\\\/www.allencarr.com\\\/en-us\\\/\",\"name\":\"Allen Carr&#039;s Easyway\",\"description\":\"International\",\"publisher\":{\"@id\":\"https:\\\/\\\/www.allencarr.com\\\/en-us\\\/#organization\"},\"potentialAction\":[{\"@type\":\"SearchAction\",\"target\":{\"@type\":\"EntryPoint\",\"urlTemplate\":\"https:\\\/\\\/www.allencarr.com\\\/en-us\\\/?s={search_term_string}\"},\"query-input\":{\"@type\":\"PropertyValueSpecification\",\"valueRequired\":true,\"valueName\":\"search_term_string\"}}],\"inLanguage\":\"en-US\"},{\"@type\":\"Organization\",\"@id\":\"https:\\\/\\\/www.allencarr.com\\\/en-us\\\/#organization\",\"name\":\"Allen Carr's Easyway\",\"url\":\"https:\\\/\\\/www.allencarr.com\\\/en-us\\\/\",\"logo\":{\"@type\":\"ImageObject\",\"inLanguage\":\"en-US\",\"@id\":\"https:\\\/\\\/www.allencarr.com\\\/en-us\\\/#\\\/schema\\\/logo\\\/image\\\/\",\"url\":\"https:\\\/\\\/allen-carr-live.s3.eu-west-1.amazonaws.com\\\/wp-content\\\/uploads\\\/2022\\\/12\\\/08154955\\\/favicon.png\",\"contentUrl\":\"https:\\\/\\\/allen-carr-live.s3.eu-west-1.amazonaws.com\\\/wp-content\\\/uploads\\\/2022\\\/12\\\/08154955\\\/favicon.png\",\"width\":512,\"height\":512,\"caption\":\"Allen Carr's Easyway\"},\"image\":{\"@id\":\"https:\\\/\\\/www.allencarr.com\\\/en-us\\\/#\\\/schema\\\/logo\\\/image\\\/\"},\"sameAs\":[\"https:\\\/\\\/x.com\\\/allencarr\"]}]}<\/script>\n<!-- \/ Yoast SEO plugin. -->","yoast_head_json":{"title":"WHO Allen Carr Turkish login OVP - Allen Carr&#039;s Easyway","robots":{"index":"index","follow":"follow","max-snippet":"max-snippet:-1","max-image-preview":"max-image-preview:large","max-video-preview":"max-video-preview:-1"},"canonical":"https:\/\/www.allencarr.com\/en-us\/corporate-employee-wellbeing\/who-allen-carrs-easyway-homepage\/who-allen-carr-turkish-login-ovp\/","og_locale":"en_US","og_type":"article","og_title":"WHO Allen Carr Turkish login OVP - Allen Carr&#039;s Easyway","og_url":"https:\/\/www.allencarr.com\/en-us\/corporate-employee-wellbeing\/who-allen-carrs-easyway-homepage\/who-allen-carr-turkish-login-ovp\/","og_site_name":"Allen Carr&#039;s Easyway","article_modified_time":"2024-11-12T10:56:14+00:00","twitter_card":"summary_large_image","twitter_site":"@allencarr","schema":{"@context":"https:\/\/schema.org","@graph":[{"@type":"WebPage","@id":"https:\/\/www.allencarr.com\/en-us\/corporate-employee-wellbeing\/who-allen-carrs-easyway-homepage\/who-allen-carr-turkish-login-ovp\/","url":"https:\/\/www.allencarr.com\/en-us\/corporate-employee-wellbeing\/who-allen-carrs-easyway-homepage\/who-allen-carr-turkish-login-ovp\/","name":"WHO Allen Carr Turkish login OVP - Allen Carr&#039;s Easyway","isPartOf":{"@id":"https:\/\/www.allencarr.com\/en-us\/#website"},"datePublished":"2022-10-14T09:18:14+00:00","dateModified":"2024-11-12T10:56:14+00:00","breadcrumb":{"@id":"https:\/\/www.allencarr.com\/en-us\/corporate-employee-wellbeing\/who-allen-carrs-easyway-homepage\/who-allen-carr-turkish-login-ovp\/#breadcrumb"},"inLanguage":"en-US","potentialAction":[{"@type":"ReadAction","target":["https:\/\/www.allencarr.com\/en-us\/corporate-employee-wellbeing\/who-allen-carrs-easyway-homepage\/who-allen-carr-turkish-login-ovp\/"]}]},{"@type":"BreadcrumbList","@id":"https:\/\/www.allencarr.com\/en-us\/corporate-employee-wellbeing\/who-allen-carrs-easyway-homepage\/who-allen-carr-turkish-login-ovp\/#breadcrumb","itemListElement":[{"@type":"ListItem","position":1,"name":"Home","item":"https:\/\/www.allencarr.com\/en-us\/"},{"@type":"ListItem","position":2,"name":"Wellbeing at work","item":"https:\/\/www.allencarr.com\/en-us\/corporate-employee-wellbeing\/"},{"@type":"ListItem","position":3,"name":"WHO Allen Carr&#8217;s Easyway&hellip;","item":"https:\/\/www.allencarr.com\/en-us\/corporate-employee-wellbeing\/who-allen-carrs-easyway-homepage\/"},{"@type":"ListItem","position":4,"name":"WHO Allen Carr Turkish login O&hellip;"}]},{"@type":"WebSite","@id":"https:\/\/www.allencarr.com\/en-us\/#website","url":"https:\/\/www.allencarr.com\/en-us\/","name":"Allen Carr&#039;s Easyway","description":"International","publisher":{"@id":"https:\/\/www.allencarr.com\/en-us\/#organization"},"potentialAction":[{"@type":"SearchAction","target":{"@type":"EntryPoint","urlTemplate":"https:\/\/www.allencarr.com\/en-us\/?s={search_term_string}"},"query-input":{"@type":"PropertyValueSpecification","valueRequired":true,"valueName":"search_term_string"}}],"inLanguage":"en-US"},{"@type":"Organization","@id":"https:\/\/www.allencarr.com\/en-us\/#organization","name":"Allen Carr's Easyway","url":"https:\/\/www.allencarr.com\/en-us\/","logo":{"@type":"ImageObject","inLanguage":"en-US","@id":"https:\/\/www.allencarr.com\/en-us\/#\/schema\/logo\/image\/","url":"https:\/\/allen-carr-live.s3.eu-west-1.amazonaws.com\/wp-content\/uploads\/2022\/12\/08154955\/favicon.png","contentUrl":"https:\/\/allen-carr-live.s3.eu-west-1.amazonaws.com\/wp-content\/uploads\/2022\/12\/08154955\/favicon.png","width":512,"height":512,"caption":"Allen Carr's Easyway"},"image":{"@id":"https:\/\/www.allencarr.com\/en-us\/#\/schema\/logo\/image\/"},"sameAs":["https:\/\/x.com\/allencarr"]}]}},"_links":{"self":[{"href":"https:\/\/www.allencarr.com\/en-us\/wp-json\/wp\/v2\/pages\/146297","targetHints":{"allow":["GET"]}}],"collection":[{"href":"https:\/\/www.allencarr.com\/en-us\/wp-json\/wp\/v2\/pages"}],"about":[{"href":"https:\/\/www.allencarr.com\/en-us\/wp-json\/wp\/v2\/types\/page"}],"author":[{"embeddable":true,"href":"https:\/\/www.allencarr.com\/en-us\/wp-json\/wp\/v2\/users\/9"}],"replies":[{"embeddable":true,"href":"https:\/\/www.allencarr.com\/en-us\/wp-json\/wp\/v2\/comments?post=146297"}],"version-history":[{"count":0,"href":"https:\/\/www.allencarr.com\/en-us\/wp-json\/wp\/v2\/pages\/146297\/revisions"}],"up":[{"embeddable":true,"href":"https:\/\/www.allencarr.com\/en-us\/wp-json\/wp\/v2\/pages\/146392"}],"wp:attachment":[{"href":"https:\/\/www.allencarr.com\/en-us\/wp-json\/wp\/v2\/media?parent=146297"}],"curies":[{"name":"wp","href":"https:\/\/api.w.org\/{rel}","templated":true}]}}