{"id":146303,"date":"2022-10-13T16:55:53","date_gmt":"2022-10-13T15:55:53","guid":{"rendered":"https:\/\/www.allencarr.com\/who-allen-carr-portuguese-login-seminar\/"},"modified":"2024-11-12T10:56:18","modified_gmt":"2024-11-12T10:56:18","slug":"who-allen-carr-portuguese-login-seminar","status":"publish","type":"page","link":"https:\/\/www.allencarr.com\/en-us\/corporate-employee-wellbeing\/who-allen-carrs-easyway-homepage\/who-allen-carr-portuguese-login-seminar\/","title":{"rendered":"WHO Allen Carr Portuguese login seminar"},"content":{"rendered":"<section class=\"formatted-text  formatted-text--background\">\n\t<div class=\"container container--large\">\n\t\t<h1 style=\"text-align: left;\">Seu Webinar Online Para Parar de Fumar<\/h1>\n<p style=\"text-align: left;\">Allen Carr\u2019s Easyway est\u00e1 ajudando a Organiza\u00e7\u00e3o Mundial da Sa\u00fade como um dos parceiros exclusivos no Dia Mundial Sem Tabaco de 2021 da OMS &#8211; campanha &#8220;Comprometa-se a Parar de Fumar Durante o COVID-19&#8221;.<\/p>\n<h2 style=\"text-align: left;\">Seus Detalhes<\/h2>\n<p style=\"text-align: left;\">Por favor digite seus dados para iniciar seu agendamento no Programa Online em Portugu\u00eas<\/p>\n<p style=\"text-align: left;\"><span style=\"font-weight: 400;\"><\/span><\/p>\n\n\n\t\t\t<\/div>\n<\/section>\n\n\n<section class=\"formatted-text  formatted-text--background\">\n\t<div class=\"container container--large\">\n\t\t<p><img decoding=\"async\" class=\"size-full wp-image-369 aligncenter\" src=\"https:\/\/allen-carr-live.s3.eu-west-1.amazonaws.com\/wp-content\/uploads\/2021\/12\/09134745\/icon-Group.png\" alt=\"\" width=\"64\" height=\"66\" srcset=\"https:\/\/allen-carr-live.s3.eu-west-1.amazonaws.com\/wp-content\/uploads\/2021\/12\/09134745\/icon-Group.png 64w, https:\/\/allen-carr-live.s3.eu-west-1.amazonaws.com\/wp-content\/uploads\/2021\/12\/09134745\/icon-Group-50x52.png 50w, https:\/\/allen-carr-live.s3.eu-west-1.amazonaws.com\/wp-content\/uploads\/2021\/12\/09134745\/icon-Group-25x26.png 25w, https:\/\/allen-carr-live.s3.eu-west-1.amazonaws.com\/wp-content\/uploads\/2021\/12\/09134745\/icon-Group-12x12.png 12w, https:\/\/allen-carr-live.s3.eu-west-1.amazonaws.com\/wp-content\/uploads\/2021\/12\/09134745\/icon-Group-58x60.png 58w\" sizes=\"(max-width: 64px) 100vw, 64px\" \/><\/p>\n<h2 style=\"text-align: center;\">Programa Online<\/h2>\n<p style=\"text-align: center;\">Nosso Programa Online \u00e9 apresentado em uma \u00e1rea de membros a qual voc\u00ea receber\u00e1 dados de acesso para login. Voc\u00ea poder\u00e1 participar no melhor dia de sua escolha, em sua casa, a partir de seu computador, tablet ou celular.<\/p>\n<p style=\"text-align: center;\">Nosso programa \u00e9 tudo o que a maioria das pessoas precisa para aprender a se libertar.<\/p>\n<p style=\"text-align: center;\">O Programa \u00e9 conduzido por um Terapeuta qualificado de Allen Carr\u2019s Easyway que usou o m\u00e9todo ele pr\u00f3prio para parar de fumar.<\/p>\n<p style=\"text-align: center;\">Seu acesso \u00e9 muito simples e r\u00e1pido.<\/p>\n<p style=\"text-align: center;\">\u2022 Visual Did\u00e1tico apresentado em cap\u00edtulos com ricas apresenta\u00e7\u00f5es <\/p>\n<p style=\"text-align: center;\">\u2022 Suporte t\u00e9cnico ao aluno e suporte com o terapeuta quando aplic\u00e1vel.<\/p>\n\n\n\t\t\t<\/div>\n<\/section>\n","protected":false},"excerpt":{"rendered":"","protected":false},"author":9,"featured_media":0,"parent":146392,"menu_order":0,"comment_status":"closed","ping_status":"closed","template":"","meta":{"_acf_changed":false,"inline_featured_image":false,"footnotes":""},"class_list":["post-146303","page","type-page","status-publish","hentry"],"acf":[],"yoast_head":"<!-- This site is optimized with the Yoast SEO plugin v27.3 - https:\/\/yoast.com\/product\/yoast-seo-wordpress\/ -->\n<title>WHO Allen Carr Portuguese login seminar - Allen Carr&#039;s Easyway<\/title>\n<meta name=\"robots\" content=\"index, follow, max-snippet:-1, max-image-preview:large, max-video-preview:-1\" \/>\n<link rel=\"canonical\" href=\"https:\/\/www.allencarr.com\/en-us\/corporate-employee-wellbeing\/who-allen-carrs-easyway-homepage\/who-allen-carr-portuguese-login-seminar\/\" \/>\n<meta property=\"og:locale\" content=\"en_US\" \/>\n<meta property=\"og:type\" content=\"article\" \/>\n<meta property=\"og:title\" content=\"WHO Allen Carr Portuguese login seminar - Allen Carr&#039;s Easyway\" \/>\n<meta property=\"og:url\" content=\"https:\/\/www.allencarr.com\/en-us\/corporate-employee-wellbeing\/who-allen-carrs-easyway-homepage\/who-allen-carr-portuguese-login-seminar\/\" \/>\n<meta property=\"og:site_name\" content=\"Allen Carr&#039;s Easyway\" \/>\n<meta property=\"article:modified_time\" content=\"2024-11-12T10:56:18+00:00\" \/>\n<meta name=\"twitter:card\" content=\"summary_large_image\" \/>\n<meta name=\"twitter:site\" content=\"@allencarr\" \/>\n<script type=\"application\/ld+json\" class=\"yoast-schema-graph\">{\"@context\":\"https:\\\/\\\/schema.org\",\"@graph\":[{\"@type\":\"WebPage\",\"@id\":\"https:\\\/\\\/www.allencarr.com\\\/en-us\\\/corporate-employee-wellbeing\\\/who-allen-carrs-easyway-homepage\\\/who-allen-carr-portuguese-login-seminar\\\/\",\"url\":\"https:\\\/\\\/www.allencarr.com\\\/en-us\\\/corporate-employee-wellbeing\\\/who-allen-carrs-easyway-homepage\\\/who-allen-carr-portuguese-login-seminar\\\/\",\"name\":\"WHO Allen Carr Portuguese login seminar - Allen Carr&#039;s Easyway\",\"isPartOf\":{\"@id\":\"https:\\\/\\\/www.allencarr.com\\\/en-us\\\/#website\"},\"datePublished\":\"2022-10-13T15:55:53+00:00\",\"dateModified\":\"2024-11-12T10:56:18+00:00\",\"breadcrumb\":{\"@id\":\"https:\\\/\\\/www.allencarr.com\\\/en-us\\\/corporate-employee-wellbeing\\\/who-allen-carrs-easyway-homepage\\\/who-allen-carr-portuguese-login-seminar\\\/#breadcrumb\"},\"inLanguage\":\"en-US\",\"potentialAction\":[{\"@type\":\"ReadAction\",\"target\":[\"https:\\\/\\\/www.allencarr.com\\\/en-us\\\/corporate-employee-wellbeing\\\/who-allen-carrs-easyway-homepage\\\/who-allen-carr-portuguese-login-seminar\\\/\"]}]},{\"@type\":\"BreadcrumbList\",\"@id\":\"https:\\\/\\\/www.allencarr.com\\\/en-us\\\/corporate-employee-wellbeing\\\/who-allen-carrs-easyway-homepage\\\/who-allen-carr-portuguese-login-seminar\\\/#breadcrumb\",\"itemListElement\":[{\"@type\":\"ListItem\",\"position\":1,\"name\":\"Home\",\"item\":\"https:\\\/\\\/www.allencarr.com\\\/en-us\\\/\"},{\"@type\":\"ListItem\",\"position\":2,\"name\":\"Wellbeing at work\",\"item\":\"https:\\\/\\\/www.allencarr.com\\\/en-us\\\/corporate-employee-wellbeing\\\/\"},{\"@type\":\"ListItem\",\"position\":3,\"name\":\"WHO Allen Carr&#8217;s Easyway&hellip;\",\"item\":\"https:\\\/\\\/www.allencarr.com\\\/en-us\\\/corporate-employee-wellbeing\\\/who-allen-carrs-easyway-homepage\\\/\"},{\"@type\":\"ListItem\",\"position\":4,\"name\":\"WHO Allen Carr Portuguese logi&hellip;\"}]},{\"@type\":\"WebSite\",\"@id\":\"https:\\\/\\\/www.allencarr.com\\\/en-us\\\/#website\",\"url\":\"https:\\\/\\\/www.allencarr.com\\\/en-us\\\/\",\"name\":\"Allen Carr&#039;s Easyway\",\"description\":\"International\",\"publisher\":{\"@id\":\"https:\\\/\\\/www.allencarr.com\\\/en-us\\\/#organization\"},\"potentialAction\":[{\"@type\":\"SearchAction\",\"target\":{\"@type\":\"EntryPoint\",\"urlTemplate\":\"https:\\\/\\\/www.allencarr.com\\\/en-us\\\/?s={search_term_string}\"},\"query-input\":{\"@type\":\"PropertyValueSpecification\",\"valueRequired\":true,\"valueName\":\"search_term_string\"}}],\"inLanguage\":\"en-US\"},{\"@type\":\"Organization\",\"@id\":\"https:\\\/\\\/www.allencarr.com\\\/en-us\\\/#organization\",\"name\":\"Allen Carr's Easyway\",\"url\":\"https:\\\/\\\/www.allencarr.com\\\/en-us\\\/\",\"logo\":{\"@type\":\"ImageObject\",\"inLanguage\":\"en-US\",\"@id\":\"https:\\\/\\\/www.allencarr.com\\\/en-us\\\/#\\\/schema\\\/logo\\\/image\\\/\",\"url\":\"https:\\\/\\\/allen-carr-live.s3.eu-west-1.amazonaws.com\\\/wp-content\\\/uploads\\\/2022\\\/12\\\/08154955\\\/favicon.png\",\"contentUrl\":\"https:\\\/\\\/allen-carr-live.s3.eu-west-1.amazonaws.com\\\/wp-content\\\/uploads\\\/2022\\\/12\\\/08154955\\\/favicon.png\",\"width\":512,\"height\":512,\"caption\":\"Allen Carr's Easyway\"},\"image\":{\"@id\":\"https:\\\/\\\/www.allencarr.com\\\/en-us\\\/#\\\/schema\\\/logo\\\/image\\\/\"},\"sameAs\":[\"https:\\\/\\\/x.com\\\/allencarr\"]}]}<\/script>\n<!-- \/ Yoast SEO plugin. -->","yoast_head_json":{"title":"WHO Allen Carr Portuguese login seminar - Allen Carr&#039;s Easyway","robots":{"index":"index","follow":"follow","max-snippet":"max-snippet:-1","max-image-preview":"max-image-preview:large","max-video-preview":"max-video-preview:-1"},"canonical":"https:\/\/www.allencarr.com\/en-us\/corporate-employee-wellbeing\/who-allen-carrs-easyway-homepage\/who-allen-carr-portuguese-login-seminar\/","og_locale":"en_US","og_type":"article","og_title":"WHO Allen Carr Portuguese login seminar - Allen Carr&#039;s Easyway","og_url":"https:\/\/www.allencarr.com\/en-us\/corporate-employee-wellbeing\/who-allen-carrs-easyway-homepage\/who-allen-carr-portuguese-login-seminar\/","og_site_name":"Allen Carr&#039;s Easyway","article_modified_time":"2024-11-12T10:56:18+00:00","twitter_card":"summary_large_image","twitter_site":"@allencarr","schema":{"@context":"https:\/\/schema.org","@graph":[{"@type":"WebPage","@id":"https:\/\/www.allencarr.com\/en-us\/corporate-employee-wellbeing\/who-allen-carrs-easyway-homepage\/who-allen-carr-portuguese-login-seminar\/","url":"https:\/\/www.allencarr.com\/en-us\/corporate-employee-wellbeing\/who-allen-carrs-easyway-homepage\/who-allen-carr-portuguese-login-seminar\/","name":"WHO Allen Carr Portuguese login seminar - Allen Carr&#039;s Easyway","isPartOf":{"@id":"https:\/\/www.allencarr.com\/en-us\/#website"},"datePublished":"2022-10-13T15:55:53+00:00","dateModified":"2024-11-12T10:56:18+00:00","breadcrumb":{"@id":"https:\/\/www.allencarr.com\/en-us\/corporate-employee-wellbeing\/who-allen-carrs-easyway-homepage\/who-allen-carr-portuguese-login-seminar\/#breadcrumb"},"inLanguage":"en-US","potentialAction":[{"@type":"ReadAction","target":["https:\/\/www.allencarr.com\/en-us\/corporate-employee-wellbeing\/who-allen-carrs-easyway-homepage\/who-allen-carr-portuguese-login-seminar\/"]}]},{"@type":"BreadcrumbList","@id":"https:\/\/www.allencarr.com\/en-us\/corporate-employee-wellbeing\/who-allen-carrs-easyway-homepage\/who-allen-carr-portuguese-login-seminar\/#breadcrumb","itemListElement":[{"@type":"ListItem","position":1,"name":"Home","item":"https:\/\/www.allencarr.com\/en-us\/"},{"@type":"ListItem","position":2,"name":"Wellbeing at work","item":"https:\/\/www.allencarr.com\/en-us\/corporate-employee-wellbeing\/"},{"@type":"ListItem","position":3,"name":"WHO Allen Carr&#8217;s Easyway&hellip;","item":"https:\/\/www.allencarr.com\/en-us\/corporate-employee-wellbeing\/who-allen-carrs-easyway-homepage\/"},{"@type":"ListItem","position":4,"name":"WHO Allen Carr Portuguese logi&hellip;"}]},{"@type":"WebSite","@id":"https:\/\/www.allencarr.com\/en-us\/#website","url":"https:\/\/www.allencarr.com\/en-us\/","name":"Allen Carr&#039;s Easyway","description":"International","publisher":{"@id":"https:\/\/www.allencarr.com\/en-us\/#organization"},"potentialAction":[{"@type":"SearchAction","target":{"@type":"EntryPoint","urlTemplate":"https:\/\/www.allencarr.com\/en-us\/?s={search_term_string}"},"query-input":{"@type":"PropertyValueSpecification","valueRequired":true,"valueName":"search_term_string"}}],"inLanguage":"en-US"},{"@type":"Organization","@id":"https:\/\/www.allencarr.com\/en-us\/#organization","name":"Allen Carr's Easyway","url":"https:\/\/www.allencarr.com\/en-us\/","logo":{"@type":"ImageObject","inLanguage":"en-US","@id":"https:\/\/www.allencarr.com\/en-us\/#\/schema\/logo\/image\/","url":"https:\/\/allen-carr-live.s3.eu-west-1.amazonaws.com\/wp-content\/uploads\/2022\/12\/08154955\/favicon.png","contentUrl":"https:\/\/allen-carr-live.s3.eu-west-1.amazonaws.com\/wp-content\/uploads\/2022\/12\/08154955\/favicon.png","width":512,"height":512,"caption":"Allen Carr's Easyway"},"image":{"@id":"https:\/\/www.allencarr.com\/en-us\/#\/schema\/logo\/image\/"},"sameAs":["https:\/\/x.com\/allencarr"]}]}},"_links":{"self":[{"href":"https:\/\/www.allencarr.com\/en-us\/wp-json\/wp\/v2\/pages\/146303","targetHints":{"allow":["GET"]}}],"collection":[{"href":"https:\/\/www.allencarr.com\/en-us\/wp-json\/wp\/v2\/pages"}],"about":[{"href":"https:\/\/www.allencarr.com\/en-us\/wp-json\/wp\/v2\/types\/page"}],"author":[{"embeddable":true,"href":"https:\/\/www.allencarr.com\/en-us\/wp-json\/wp\/v2\/users\/9"}],"replies":[{"embeddable":true,"href":"https:\/\/www.allencarr.com\/en-us\/wp-json\/wp\/v2\/comments?post=146303"}],"version-history":[{"count":0,"href":"https:\/\/www.allencarr.com\/en-us\/wp-json\/wp\/v2\/pages\/146303\/revisions"}],"up":[{"embeddable":true,"href":"https:\/\/www.allencarr.com\/en-us\/wp-json\/wp\/v2\/pages\/146392"}],"wp:attachment":[{"href":"https:\/\/www.allencarr.com\/en-us\/wp-json\/wp\/v2\/media?parent=146303"}],"curies":[{"name":"wp","href":"https:\/\/api.w.org\/{rel}","templated":true}]}}