{"id":146392,"date":"2022-07-11T12:17:50","date_gmt":"2022-07-11T11:17:50","guid":{"rendered":"https:\/\/www.allencarr.com\/who-allen-carrs-easyway-homepage\/"},"modified":"2024-11-12T10:59:09","modified_gmt":"2024-11-12T10:59:09","slug":"who-allen-carrs-easyway-homepage","status":"publish","type":"page","link":"https:\/\/www.allencarr.com\/en-us\/corporate-employee-wellbeing\/who-allen-carrs-easyway-homepage\/","title":{"rendered":"WHO Allen Carr&#8217;s Easyway homepage"},"content":{"rendered":"\n\n\n\t\t\t\n\t\n\n\n\n<section class=\"content-with-image default\">\n    <div class=\"content-with-image__background u-background-white\">\n                                        <div class=\"container\">\n            <div class=\"content-with-image__columns\">\n                <div class=\"content-with-image__column\">\n                    <div class=\"content-with-image__content\">\n\n                                                    <h2 class=\"content-with-image__title\">World Health Organisation &#038; Allen Carr&#8217;s Easyway<\/h2>\n                        \n\t\t\t\t\t\t\n                                                    <div class=\"content-with-image__description\">\n                                <p>Allen Carr&#8217;s Easyway is assisting\u00a0the World Health Organisation as one of only a handful of partners in the WHO\u2019s World No Tobacco Day 2021 \u2013 &#8220;Commit to Quit During COVID-19&#8221; campaign\u00a0 .<\/p>\n<p>Please select the program that you are interested in from the list below:<\/p>\n\n                            <\/div>\n                        \n\t\t\t\t\t\t                    <\/div>\n                <\/div>\n\n                <div class=\"content-with-image__column\">\n\t\t\t\t\t<picture class=\"content-with-image__media content-with-image__media--keep-ratio\" data-behaviour=\"geo-pictures\" data-geo-desktop-images=\"[]\">\n\t\t\t\t\t\t\n\t\t\t\t\t\t<source srcset=\"https:\/\/allen-carr-live.s3.eu-west-1.amazonaws.com\/wp-content\/uploads\/2021\/07\/02150925\/world-health-organization-logo.png\" media=\"(min-width: 2000px)\" data-ref=\"geo-picture-source-jumbo-target\" \/>\n\t\t\t\t\t\t<source srcset=\"https:\/\/allen-carr-live.s3.eu-west-1.amazonaws.com\/wp-content\/uploads\/2021\/07\/02150925\/world-health-organization-logo-765x640.png\" media=\"(min-width: 1440px)\" data-ref=\"geo-picture-source-desktop-target\" \/>\n\t\t\t\t\t\t<source srcset=\"https:\/\/allen-carr-live.s3.eu-west-1.amazonaws.com\/wp-content\/uploads\/2021\/07\/02150925\/world-health-organization-logo-382x320.png\" media=\"(min-width: 768px)\" data-ref=\"geo-picture-source-tablet-target\" \/>\n\t\t\t\t\t\t<source srcset=\"https:\/\/allen-carr-live.s3.eu-west-1.amazonaws.com\/wp-content\/uploads\/2021\/07\/02150925\/world-health-organization-logo-191x213.png\" media=\"(min-width: 360px)\" data-ref=\"geo-picture-source-mobile-target\" \/>\n\n\t\t\t\t\t\t<img\n\t\t\t\t\t\t\tsrc=\"https:\/\/allen-carr-live.s3.eu-west-1.amazonaws.com\/wp-content\/uploads\/2021\/07\/02150925\/world-health-organization-logo-765x640.png\"\n\t\t\t\t\t\t\twidth=\"1120\"\n\t\t\t\t\t\t\theight=\"752\"\n\t\t\t\t\t\t\talt=\"\"\n\t\t\t\t\t\t\tclass=\"content-with-image__media-image u-no-lazy\"\n\t\t\t\t\t\t\tfetchpriority=\"high\"\n\t\t\t\t\t\t\tdata-ref=\"geo-picture-image-target\"\n\t\t\t\t\t\t\/>\n\t\t\t\t\t<\/picture>\n\n\t\t\t\t\t                <\/div>\n            <\/div>\n        <\/div>\n    <\/div>\n\t<\/section>\n\n\n<section class=\"formatted-text  formatted-text--background\">\n\t<div class=\"container container--large\">\n\t\t<h2 style=\"text-align: center;\">Your Quit Smoking Program<\/h2>\n<p style=\"text-align: center;\">The Online Live Seminar is a 6 hour online seminar via Zoom (similar to Skype) in groups of up to 15 attendees and can be attended from your own home via smartphone, tablet or desktop pc. The seminars are conducted by a Senior Allen Carr facilitator who is an expert in the method.<\/p>\n<p style=\"text-align: center;\">The Online Video Program is an online video that can be watched anywhere, anytime via smartphone, tablet or desktop pc.\u00a0The online video programs are presented by one of our most experienced facilitators, who has personally helped 1,000s of people.<\/p>\n<p style=\"text-align: center;\">Both programs are highly effective.<\/p>\n<p style=\"text-align: center;\"><a href=\"corporate\/world-health-organisation-ovp-arabic\/\" target=\"_blank\" rel=\"noopener\">(\u0628\u0631\u0646\u0627\u0645\u062c\u0643 \u0644\u0644\u0625\u0642\u0644\u0627\u0639 \u0639\u0646 \u0627\u0644\u062a\u062f\u062e\u064a\u0646 \u0639\u0628\u0631 \u0627\u0644\u0641\u064a\u062f\u064a\u0648 \u2013 \u0627\u0644\u0639\u0631\u0628\u064a\u0629 (\u0627\u0644\u0623\u0631\u062f\u0646<\/a><\/p>\n<p style=\"text-align: center;\"><a href=\"https:\/\/www.allencarr.com\/en-us\/corporate-employee-wellbeing\/who-allen-carrs-easyway-homepage\/who-allen-carr-arabic-login-seminar\/\" target=\"_blank\" rel=\"noopener\">\u0646\u062f\u0648\u0629 \u0645\u0628\u0627\u0634\u0631\u0629 \u0639\u0628\u0631 \u0627\u0644\u0625\u0646\u062a\u0631\u0646\u062a &#8211; \u0627\u0644\u0639\u0631\u0628\u064a\u0629 (\u0627\u0644\u0623\u0631\u062f\u0646)<\/a><\/p>\n<p style=\"text-align: center;\"><a href=\"https:\/\/www.allencarr.com\/en-us\/corporate-employee-wellbeing\/who-allen-carrs-easyway-homepage\/who-allen-carr-english-login-seminar\/\" target=\"_blank\" rel=\"noopener\">Online Live Seminar \u2013 English (Cook Islands, Fiji, India, Nauru, Nigeria, Pakistan, Palau, Philippines, South Africa, Vietna)<\/a><\/p>\n<p style=\"text-align: center;\"><a href=\"https:\/\/www.allencarr.com\/en-us\/corporate\/world-health-organisation-ovp-english\/\" target=\"_blank\" rel=\"noopener\">Online Video Program \u2013 English (Cook Islands, Fiji, India, Nauru, Nigeria, Pakistan, Palau, Philippines, South Africa, Vietnam)<\/a><\/p>\n<p style=\"text-align: center;\"><a href=\"https:\/\/www.allencarr.com\/en-us\/corporate-employee-wellbeing\/who-allen-carrs-easyway-homepage\/who-allen-carr-dutch-login-seminar\/\" target=\"_blank\" rel=\"noopener\">Online Live Webinar \u2013 Nederlands (Suriname)<\/a><\/p>\n<p style=\"text-align: center;\"><a href=\"https:\/\/www.allencarr.com\/en-us\/corporate-employee-wellbeing\/who-allen-carrs-easyway-homepage\/who-allen-carr-portuguese-login-seminar\/\" target=\"_blank\" rel=\"noopener\">Programa Online \u2013 Portugu\u00eas (Timor Leste, Brasil)<\/a><\/p>\n<p style=\"text-align: center;\"><a href=\"https:\/\/www.allencarr.com\/en-us\/corporate-employee-wellbeing\/who-allen-carrs-easyway-homepage\/who-allen-carr-russian-login-seminar\/\" target=\"_blank\" rel=\"noopener\">\u041e\u043d\u043b\u0430\u0439\u043d-\u043a\u0443\u0440\u0441 \u0441 \u0442\u0435\u0440\u0430\u043f\u0435\u0432\u0442\u043e\u043c \u2013 \u043d\u0430 \u0440\u0443\u0441\u0441\u043a\u043e\u043c \u044f\u0437\u044b\u043a\u0435 (\u0420\u043e\u0441\u0441\u0438\u044f \u0438 \u0423\u043a\u0440\u0430\u0438\u043d\u0430 \u0438<br \/>\n\u041a\u0430\u0437\u0430\u0445\u0441\u0442\u0430\u043d)<\/a><\/p>\n<p style=\"text-align: center;\"><a href=\"https:\/\/www.allencarr.com\/en-us\/corporate-employee-wellbeing\/who-allen-carrs-easyway-homepage\/who-allen-carr-russian-login-ovp\/\" target=\"_blank\" rel=\"noopener\">\u0412\u0438\u0434\u0435\u043e\u043a\u0443\u0440\u0441 &#8211; \u043d\u0430 \u0440\u0443\u0441\u0441\u043a\u043e\u043c \u044f\u0437\u044b\u043a\u0435 (\u0420\u043e\u0441\u0441\u0438\u044f \u0438 \u0423\u043a\u0440\u0430\u0438\u043d\u0430 \u0438<br \/>\n\u041a\u0430\u0437\u0430\u0445\u0441\u0442\u0430\u043d)<\/a><\/p>\n<p style=\"text-align: center;\"><a href=\"https:\/\/www.allencarr.com\/en-us\/corporate-employee-wellbeing\/who-allen-carrs-easyway-homepage\/who-allen-carr-spanish-login-seminar\/\" target=\"_blank\" rel=\"noopener\">Curso en L\u00ednea en Vivo &#8211; Espa\u00f1ol (M\u00e9xico)<\/a><\/p>\n<p style=\"text-align: center;\"><a href=\"https:\/\/www.allencarr.com\/en-us\/corporate-employee-wellbeing\/who-allen-carrs-easyway-homepage\/who-allen-carr-turkish-login-seminar\/\" target=\"_blank\" rel=\"noopener\">Online Canl\u0131 Seminer &#8211; T\u00fcrkiye<\/a><\/p>\n<p style=\"text-align: center;\"><a href=\"https:\/\/www.allencarr.com\/en-us\/corporate-employee-wellbeing\/who-allen-carrs-easyway-homepage\/who-allen-carr-turkish-login-ovp\/\" target=\"_blank\" rel=\"noopener\">\u0130ste\u011fe Ba\u011fl\u0131 \u00c7evrimi\u00e7i Video Program\u0131 \u2013 T\u00fcrkiye<\/a><\/p>\n\n\n\t\t\t<\/div>\n<\/section>\n","protected":false},"excerpt":{"rendered":"","protected":false},"author":9,"featured_media":146393,"parent":146401,"menu_order":10,"comment_status":"closed","ping_status":"closed","template":"","meta":{"_acf_changed":false,"inline_featured_image":false,"footnotes":""},"class_list":["post-146392","page","type-page","status-publish","has-post-thumbnail","hentry"],"acf":[],"yoast_head":"<!-- This site is optimized with the Yoast SEO plugin v27.3 - https:\/\/yoast.com\/product\/yoast-seo-wordpress\/ -->\n<title>WHO Allen Carr&#039;s Easyway homepage - Allen Carr&#039;s Easyway<\/title>\n<meta name=\"robots\" content=\"index, follow, max-snippet:-1, max-image-preview:large, max-video-preview:-1\" \/>\n<link rel=\"canonical\" href=\"https:\/\/www.allencarr.com\/en-us\/corporate-employee-wellbeing\/who-allen-carrs-easyway-homepage\/\" \/>\n<meta property=\"og:locale\" content=\"en_US\" \/>\n<meta property=\"og:type\" content=\"article\" \/>\n<meta property=\"og:title\" content=\"WHO Allen Carr&#039;s Easyway homepage - Allen Carr&#039;s Easyway\" \/>\n<meta property=\"og:url\" content=\"https:\/\/www.allencarr.com\/en-us\/corporate-employee-wellbeing\/who-allen-carrs-easyway-homepage\/\" \/>\n<meta property=\"og:site_name\" content=\"Allen Carr&#039;s Easyway\" \/>\n<meta property=\"article:modified_time\" content=\"2024-11-12T10:59:09+00:00\" \/>\n<meta property=\"og:image\" content=\"https:\/\/allen-carr-live.s3.eu-west-1.amazonaws.com\/wp-content\/uploads\/2022\/03\/04142606\/Allen-Carrs-Easyway-and-World-Health-Organistation-WHO-scaled-e1607446867841-616x600-1.jpeg\" \/>\n\t<meta property=\"og:image:width\" content=\"616\" \/>\n\t<meta property=\"og:image:height\" content=\"600\" \/>\n\t<meta property=\"og:image:type\" content=\"image\/jpeg\" \/>\n<meta name=\"twitter:card\" content=\"summary_large_image\" \/>\n<meta name=\"twitter:site\" content=\"@allencarr\" \/>\n<script type=\"application\/ld+json\" class=\"yoast-schema-graph\">{\"@context\":\"https:\\\/\\\/schema.org\",\"@graph\":[{\"@type\":\"WebPage\",\"@id\":\"https:\\\/\\\/www.allencarr.com\\\/en-us\\\/corporate-employee-wellbeing\\\/who-allen-carrs-easyway-homepage\\\/\",\"url\":\"https:\\\/\\\/www.allencarr.com\\\/en-us\\\/corporate-employee-wellbeing\\\/who-allen-carrs-easyway-homepage\\\/\",\"name\":\"WHO Allen Carr's Easyway homepage - Allen Carr&#039;s Easyway\",\"isPartOf\":{\"@id\":\"https:\\\/\\\/www.allencarr.com\\\/en-us\\\/#website\"},\"primaryImageOfPage\":{\"@id\":\"https:\\\/\\\/www.allencarr.com\\\/en-us\\\/corporate-employee-wellbeing\\\/who-allen-carrs-easyway-homepage\\\/#primaryimage\"},\"image\":{\"@id\":\"https:\\\/\\\/www.allencarr.com\\\/en-us\\\/corporate-employee-wellbeing\\\/who-allen-carrs-easyway-homepage\\\/#primaryimage\"},\"thumbnailUrl\":\"https:\\\/\\\/allen-carr-live.s3.eu-west-1.amazonaws.com\\\/wp-content\\\/uploads\\\/2022\\\/03\\\/04142606\\\/Allen-Carrs-Easyway-and-World-Health-Organistation-WHO-scaled-e1607446867841-616x600-1.jpeg\",\"datePublished\":\"2022-07-11T11:17:50+00:00\",\"dateModified\":\"2024-11-12T10:59:09+00:00\",\"breadcrumb\":{\"@id\":\"https:\\\/\\\/www.allencarr.com\\\/en-us\\\/corporate-employee-wellbeing\\\/who-allen-carrs-easyway-homepage\\\/#breadcrumb\"},\"inLanguage\":\"en-US\",\"potentialAction\":[{\"@type\":\"ReadAction\",\"target\":[\"https:\\\/\\\/www.allencarr.com\\\/en-us\\\/corporate-employee-wellbeing\\\/who-allen-carrs-easyway-homepage\\\/\"]}]},{\"@type\":\"ImageObject\",\"inLanguage\":\"en-US\",\"@id\":\"https:\\\/\\\/www.allencarr.com\\\/en-us\\\/corporate-employee-wellbeing\\\/who-allen-carrs-easyway-homepage\\\/#primaryimage\",\"url\":\"https:\\\/\\\/allen-carr-live.s3.eu-west-1.amazonaws.com\\\/wp-content\\\/uploads\\\/2022\\\/03\\\/04142606\\\/Allen-Carrs-Easyway-and-World-Health-Organistation-WHO-scaled-e1607446867841-616x600-1.jpeg\",\"contentUrl\":\"https:\\\/\\\/allen-carr-live.s3.eu-west-1.amazonaws.com\\\/wp-content\\\/uploads\\\/2022\\\/03\\\/04142606\\\/Allen-Carrs-Easyway-and-World-Health-Organistation-WHO-scaled-e1607446867841-616x600-1.jpeg\",\"width\":616,\"height\":600},{\"@type\":\"BreadcrumbList\",\"@id\":\"https:\\\/\\\/www.allencarr.com\\\/en-us\\\/corporate-employee-wellbeing\\\/who-allen-carrs-easyway-homepage\\\/#breadcrumb\",\"itemListElement\":[{\"@type\":\"ListItem\",\"position\":1,\"name\":\"Home\",\"item\":\"https:\\\/\\\/www.allencarr.com\\\/en-us\\\/\"},{\"@type\":\"ListItem\",\"position\":2,\"name\":\"Wellbeing at work\",\"item\":\"https:\\\/\\\/www.allencarr.com\\\/en-us\\\/corporate-employee-wellbeing\\\/\"},{\"@type\":\"ListItem\",\"position\":3,\"name\":\"WHO Allen Carr&#8217;s Easyway&hellip;\"}]},{\"@type\":\"WebSite\",\"@id\":\"https:\\\/\\\/www.allencarr.com\\\/en-us\\\/#website\",\"url\":\"https:\\\/\\\/www.allencarr.com\\\/en-us\\\/\",\"name\":\"Allen Carr&#039;s Easyway\",\"description\":\"International\",\"publisher\":{\"@id\":\"https:\\\/\\\/www.allencarr.com\\\/en-us\\\/#organization\"},\"potentialAction\":[{\"@type\":\"SearchAction\",\"target\":{\"@type\":\"EntryPoint\",\"urlTemplate\":\"https:\\\/\\\/www.allencarr.com\\\/en-us\\\/?s={search_term_string}\"},\"query-input\":{\"@type\":\"PropertyValueSpecification\",\"valueRequired\":true,\"valueName\":\"search_term_string\"}}],\"inLanguage\":\"en-US\"},{\"@type\":\"Organization\",\"@id\":\"https:\\\/\\\/www.allencarr.com\\\/en-us\\\/#organization\",\"name\":\"Allen Carr's Easyway\",\"url\":\"https:\\\/\\\/www.allencarr.com\\\/en-us\\\/\",\"logo\":{\"@type\":\"ImageObject\",\"inLanguage\":\"en-US\",\"@id\":\"https:\\\/\\\/www.allencarr.com\\\/en-us\\\/#\\\/schema\\\/logo\\\/image\\\/\",\"url\":\"https:\\\/\\\/allen-carr-live.s3.eu-west-1.amazonaws.com\\\/wp-content\\\/uploads\\\/2022\\\/12\\\/08154955\\\/favicon.png\",\"contentUrl\":\"https:\\\/\\\/allen-carr-live.s3.eu-west-1.amazonaws.com\\\/wp-content\\\/uploads\\\/2022\\\/12\\\/08154955\\\/favicon.png\",\"width\":512,\"height\":512,\"caption\":\"Allen Carr's Easyway\"},\"image\":{\"@id\":\"https:\\\/\\\/www.allencarr.com\\\/en-us\\\/#\\\/schema\\\/logo\\\/image\\\/\"},\"sameAs\":[\"https:\\\/\\\/x.com\\\/allencarr\"]}]}<\/script>\n<!-- \/ Yoast SEO plugin. -->","yoast_head_json":{"title":"WHO Allen Carr's Easyway homepage - Allen Carr&#039;s Easyway","robots":{"index":"index","follow":"follow","max-snippet":"max-snippet:-1","max-image-preview":"max-image-preview:large","max-video-preview":"max-video-preview:-1"},"canonical":"https:\/\/www.allencarr.com\/en-us\/corporate-employee-wellbeing\/who-allen-carrs-easyway-homepage\/","og_locale":"en_US","og_type":"article","og_title":"WHO Allen Carr's Easyway homepage - Allen Carr&#039;s Easyway","og_url":"https:\/\/www.allencarr.com\/en-us\/corporate-employee-wellbeing\/who-allen-carrs-easyway-homepage\/","og_site_name":"Allen Carr&#039;s Easyway","article_modified_time":"2024-11-12T10:59:09+00:00","og_image":[{"width":616,"height":600,"url":"https:\/\/allen-carr-live.s3.eu-west-1.amazonaws.com\/wp-content\/uploads\/2022\/03\/04142606\/Allen-Carrs-Easyway-and-World-Health-Organistation-WHO-scaled-e1607446867841-616x600-1.jpeg","type":"image\/jpeg"}],"twitter_card":"summary_large_image","twitter_site":"@allencarr","schema":{"@context":"https:\/\/schema.org","@graph":[{"@type":"WebPage","@id":"https:\/\/www.allencarr.com\/en-us\/corporate-employee-wellbeing\/who-allen-carrs-easyway-homepage\/","url":"https:\/\/www.allencarr.com\/en-us\/corporate-employee-wellbeing\/who-allen-carrs-easyway-homepage\/","name":"WHO Allen Carr's Easyway homepage - Allen Carr&#039;s Easyway","isPartOf":{"@id":"https:\/\/www.allencarr.com\/en-us\/#website"},"primaryImageOfPage":{"@id":"https:\/\/www.allencarr.com\/en-us\/corporate-employee-wellbeing\/who-allen-carrs-easyway-homepage\/#primaryimage"},"image":{"@id":"https:\/\/www.allencarr.com\/en-us\/corporate-employee-wellbeing\/who-allen-carrs-easyway-homepage\/#primaryimage"},"thumbnailUrl":"https:\/\/allen-carr-live.s3.eu-west-1.amazonaws.com\/wp-content\/uploads\/2022\/03\/04142606\/Allen-Carrs-Easyway-and-World-Health-Organistation-WHO-scaled-e1607446867841-616x600-1.jpeg","datePublished":"2022-07-11T11:17:50+00:00","dateModified":"2024-11-12T10:59:09+00:00","breadcrumb":{"@id":"https:\/\/www.allencarr.com\/en-us\/corporate-employee-wellbeing\/who-allen-carrs-easyway-homepage\/#breadcrumb"},"inLanguage":"en-US","potentialAction":[{"@type":"ReadAction","target":["https:\/\/www.allencarr.com\/en-us\/corporate-employee-wellbeing\/who-allen-carrs-easyway-homepage\/"]}]},{"@type":"ImageObject","inLanguage":"en-US","@id":"https:\/\/www.allencarr.com\/en-us\/corporate-employee-wellbeing\/who-allen-carrs-easyway-homepage\/#primaryimage","url":"https:\/\/allen-carr-live.s3.eu-west-1.amazonaws.com\/wp-content\/uploads\/2022\/03\/04142606\/Allen-Carrs-Easyway-and-World-Health-Organistation-WHO-scaled-e1607446867841-616x600-1.jpeg","contentUrl":"https:\/\/allen-carr-live.s3.eu-west-1.amazonaws.com\/wp-content\/uploads\/2022\/03\/04142606\/Allen-Carrs-Easyway-and-World-Health-Organistation-WHO-scaled-e1607446867841-616x600-1.jpeg","width":616,"height":600},{"@type":"BreadcrumbList","@id":"https:\/\/www.allencarr.com\/en-us\/corporate-employee-wellbeing\/who-allen-carrs-easyway-homepage\/#breadcrumb","itemListElement":[{"@type":"ListItem","position":1,"name":"Home","item":"https:\/\/www.allencarr.com\/en-us\/"},{"@type":"ListItem","position":2,"name":"Wellbeing at work","item":"https:\/\/www.allencarr.com\/en-us\/corporate-employee-wellbeing\/"},{"@type":"ListItem","position":3,"name":"WHO Allen Carr&#8217;s Easyway&hellip;"}]},{"@type":"WebSite","@id":"https:\/\/www.allencarr.com\/en-us\/#website","url":"https:\/\/www.allencarr.com\/en-us\/","name":"Allen Carr&#039;s Easyway","description":"International","publisher":{"@id":"https:\/\/www.allencarr.com\/en-us\/#organization"},"potentialAction":[{"@type":"SearchAction","target":{"@type":"EntryPoint","urlTemplate":"https:\/\/www.allencarr.com\/en-us\/?s={search_term_string}"},"query-input":{"@type":"PropertyValueSpecification","valueRequired":true,"valueName":"search_term_string"}}],"inLanguage":"en-US"},{"@type":"Organization","@id":"https:\/\/www.allencarr.com\/en-us\/#organization","name":"Allen Carr's Easyway","url":"https:\/\/www.allencarr.com\/en-us\/","logo":{"@type":"ImageObject","inLanguage":"en-US","@id":"https:\/\/www.allencarr.com\/en-us\/#\/schema\/logo\/image\/","url":"https:\/\/allen-carr-live.s3.eu-west-1.amazonaws.com\/wp-content\/uploads\/2022\/12\/08154955\/favicon.png","contentUrl":"https:\/\/allen-carr-live.s3.eu-west-1.amazonaws.com\/wp-content\/uploads\/2022\/12\/08154955\/favicon.png","width":512,"height":512,"caption":"Allen Carr's Easyway"},"image":{"@id":"https:\/\/www.allencarr.com\/en-us\/#\/schema\/logo\/image\/"},"sameAs":["https:\/\/x.com\/allencarr"]}]}},"_links":{"self":[{"href":"https:\/\/www.allencarr.com\/en-us\/wp-json\/wp\/v2\/pages\/146392","targetHints":{"allow":["GET"]}}],"collection":[{"href":"https:\/\/www.allencarr.com\/en-us\/wp-json\/wp\/v2\/pages"}],"about":[{"href":"https:\/\/www.allencarr.com\/en-us\/wp-json\/wp\/v2\/types\/page"}],"author":[{"embeddable":true,"href":"https:\/\/www.allencarr.com\/en-us\/wp-json\/wp\/v2\/users\/9"}],"replies":[{"embeddable":true,"href":"https:\/\/www.allencarr.com\/en-us\/wp-json\/wp\/v2\/comments?post=146392"}],"version-history":[{"count":0,"href":"https:\/\/www.allencarr.com\/en-us\/wp-json\/wp\/v2\/pages\/146392\/revisions"}],"up":[{"embeddable":true,"href":"https:\/\/www.allencarr.com\/en-us\/wp-json\/wp\/v2\/pages\/146401"}],"wp:featuredmedia":[{"embeddable":true,"href":"https:\/\/www.allencarr.com\/en-us\/wp-json\/wp\/v2\/media\/146393"}],"wp:attachment":[{"href":"https:\/\/www.allencarr.com\/en-us\/wp-json\/wp\/v2\/media?parent=146392"}],"curies":[{"name":"wp","href":"https:\/\/api.w.org\/{rel}","templated":true}]}}